{"id":13,"date":"2026-03-14T11:46:28","date_gmt":"2026-03-14T16:46:28","guid":{"rendered":"https:\/\/mgprestige.ca\/?page_id=13"},"modified":"2026-04-17T13:01:02","modified_gmt":"2026-04-17T18:01:02","slug":"home","status":"publish","type":"page","link":"https:\/\/mgprestige.ca\/","title":{"rendered":"Accueil"},"content":{"rendered":"\n<h2 class=\"wp-block-heading\">\u2728 Entretien m\u00e9nager professionnel, fiable et minutieux<\/h2>\n\n\n\n<p>Chez MG Prestige, nous offrons un service d\u2019entretien m\u00e9nager haut de gamme, autant pour les r\u00e9sidences que pour les espaces commerciaux.<\/p>\n\n\n\n<p>Notre objectif est simple : vous offrir un environnement propre, sain et impeccable, sans compromis sur la qualit\u00e9.<\/p>\n\n\n\n<p>Chaque intervention est r\u00e9alis\u00e9e avec soin, efficacit\u00e9 et souci du d\u00e9tail, afin de d\u00e9passer vos attentes \u00e0 chaque visite.<\/p>\n\n\n\n<p>\ud83d\udc49 Que ce soit pour un entretien r\u00e9gulier, un grand m\u00e9nage ou un besoin ponctuel, nous adaptons nos services \u00e0 votre r\u00e9alit\u00e9.<\/p>\n\n\n\n<figure class=\"wp-block-image size-large\"><img loading=\"lazy\" decoding=\"async\" width=\"682\" height=\"1024\" src=\"https:\/\/mgprestige.ca\/wp-content\/uploads\/2026\/04\/aYTXX1g_8PdVPoI7f41WyyYdaM0WRhjqBm7-kYpc4BfiZLHqqFhq-V4730kcbO59lovvqULJPOOMrNiqmmegzi7GjUUID3ERgQMMAWQ6k_3GXdvkR8S5cyOtaMiKRe_hWk4L3sZHC8RUpTF_y1u7xScTKHY-BmD6xgQxTEMEvBmxLBibL4p0auM0-QTVzt0C-682x1024.jpg\" alt=\"\" class=\"wp-image-54\" srcset=\"https:\/\/mgprestige.ca\/wp-content\/uploads\/2026\/04\/aYTXX1g_8PdVPoI7f41WyyYdaM0WRhjqBm7-kYpc4BfiZLHqqFhq-V4730kcbO59lovvqULJPOOMrNiqmmegzi7GjUUID3ERgQMMAWQ6k_3GXdvkR8S5cyOtaMiKRe_hWk4L3sZHC8RUpTF_y1u7xScTKHY-BmD6xgQxTEMEvBmxLBibL4p0auM0-QTVzt0C-682x1024.jpg 682w, https:\/\/mgprestige.ca\/wp-content\/uploads\/2026\/04\/aYTXX1g_8PdVPoI7f41WyyYdaM0WRhjqBm7-kYpc4BfiZLHqqFhq-V4730kcbO59lovvqULJPOOMrNiqmmegzi7GjUUID3ERgQMMAWQ6k_3GXdvkR8S5cyOtaMiKRe_hWk4L3sZHC8RUpTF_y1u7xScTKHY-BmD6xgQxTEMEvBmxLBibL4p0auM0-QTVzt0C-200x300.jpg 200w, https:\/\/mgprestige.ca\/wp-content\/uploads\/2026\/04\/aYTXX1g_8PdVPoI7f41WyyYdaM0WRhjqBm7-kYpc4BfiZLHqqFhq-V4730kcbO59lovvqULJPOOMrNiqmmegzi7GjUUID3ERgQMMAWQ6k_3GXdvkR8S5cyOtaMiKRe_hWk4L3sZHC8RUpTF_y1u7xScTKHY-BmD6xgQxTEMEvBmxLBibL4p0auM0-QTVzt0C-768x1152.jpg 768w, https:\/\/mgprestige.ca\/wp-content\/uploads\/2026\/04\/aYTXX1g_8PdVPoI7f41WyyYdaM0WRhjqBm7-kYpc4BfiZLHqqFhq-V4730kcbO59lovvqULJPOOMrNiqmmegzi7GjUUID3ERgQMMAWQ6k_3GXdvkR8S5cyOtaMiKRe_hWk4L3sZHC8RUpTF_y1u7xScTKHY-BmD6xgQxTEMEvBmxLBibL4p0auM0-QTVzt0C-1024x1536.jpg 1024w, https:\/\/mgprestige.ca\/wp-content\/uploads\/2026\/04\/aYTXX1g_8PdVPoI7f41WyyYdaM0WRhjqBm7-kYpc4BfiZLHqqFhq-V4730kcbO59lovvqULJPOOMrNiqmmegzi7GjUUID3ERgQMMAWQ6k_3GXdvkR8S5cyOtaMiKRe_hWk4L3sZHC8RUpTF_y1u7xScTKHY-BmD6xgQxTEMEvBmxLBibL4p0auM0-QTVzt0C.jpg 1067w\" sizes=\"auto, (max-width: 682px) 100vw, 682px\" \/><\/figure>\n\n\n\n<p><\/p>\n","protected":false},"excerpt":{"rendered":"<p>\u2728 Entretien m\u00e9nager professionnel, fiable et minutieux Chez MG Prestige, nous offrons un service d\u2019entretien m\u00e9nager haut de gamme, autant pour les r\u00e9sidences que pour les espaces commerciaux. Notre objectif&hellip;<\/p>\n","protected":false},"author":1,"featured_media":0,"parent":0,"menu_order":0,"comment_status":"closed","ping_status":"closed","template":"home\/home.php","meta":{"footnotes":""},"class_list":["post-13","page","type-page","status-publish","hentry"],"_links":{"self":[{"href":"https:\/\/mgprestige.ca\/index.php?rest_route=\/wp\/v2\/pages\/13","targetHints":{"allow":["GET"]}}],"collection":[{"href":"https:\/\/mgprestige.ca\/index.php?rest_route=\/wp\/v2\/pages"}],"about":[{"href":"https:\/\/mgprestige.ca\/index.php?rest_route=\/wp\/v2\/types\/page"}],"author":[{"embeddable":true,"href":"https:\/\/mgprestige.ca\/index.php?rest_route=\/wp\/v2\/users\/1"}],"replies":[{"embeddable":true,"href":"https:\/\/mgprestige.ca\/index.php?rest_route=%2Fwp%2Fv2%2Fcomments&post=13"}],"version-history":[{"count":3,"href":"https:\/\/mgprestige.ca\/index.php?rest_route=\/wp\/v2\/pages\/13\/revisions"}],"predecessor-version":[{"id":55,"href":"https:\/\/mgprestige.ca\/index.php?rest_route=\/wp\/v2\/pages\/13\/revisions\/55"}],"wp:attachment":[{"href":"https:\/\/mgprestige.ca\/index.php?rest_route=%2Fwp%2Fv2%2Fmedia&parent=13"}],"curies":[{"name":"wp","href":"https:\/\/api.w.org\/{rel}","templated":true}]}}