{"id":16,"date":"2026-03-14T11:46:28","date_gmt":"2026-03-14T16:46:28","guid":{"rendered":"https:\/\/mgprestige.ca\/?page_id=16"},"modified":"2026-04-17T13:20:57","modified_gmt":"2026-04-17T18:20:57","slug":"services","status":"publish","type":"page","link":"https:\/\/mgprestige.ca\/?page_id=16","title":{"rendered":"Services"},"content":{"rendered":"<h2 data-start=\"1079\" data-end=\"1118\">\ud83e\uddfd Un service adapt\u00e9 \u00e0 votre r\u00e9alit\u00e9<\/h2>\n<p data-start=\"1120\" data-end=\"1214\">Que vous soyez un particulier ou une entreprise, nous nous adaptons \u00e0 vos besoins sp\u00e9cifiques.<\/p>\n<p data-start=\"1216\" data-end=\"1230\">Nous offrons :<\/p>\n<ul data-start=\"1231\" data-end=\"1369\">\n<li data-start=\"1231\" data-end=\"1264\">Entretien m\u00e9nager r\u00e9sidentiel<\/li>\n<li data-start=\"1265\" data-end=\"1297\">Entretien m\u00e9nager commercial<\/li>\n<li data-start=\"1298\" data-end=\"1328\">Grand m\u00e9nage en profondeur<\/li>\n<li data-start=\"1329\" data-end=\"1369\">Nettoyage avant \/ apr\u00e8s d\u00e9m\u00e9nagement<\/li>\n<\/ul>\n<p data-start=\"1371\" data-end=\"1427\">Chaque client est unique \u2014 et notre service l\u2019est aussi.<\/p>\n\n\n<p><\/p>\n","protected":false},"excerpt":{"rendered":"<p>\ud83e\uddfd Un service adapt\u00e9 \u00e0 votre r\u00e9alit\u00e9 Que vous soyez un particulier ou une entreprise, nous nous adaptons \u00e0 vos besoins sp\u00e9cifiques. Nous offrons : Entretien m\u00e9nager r\u00e9sidentiel Entretien m\u00e9nager&hellip;<\/p>\n","protected":false},"author":1,"featured_media":0,"parent":0,"menu_order":0,"comment_status":"closed","ping_status":"closed","template":"","meta":{"footnotes":""},"class_list":["post-16","page","type-page","status-publish","hentry"],"_links":{"self":[{"href":"https:\/\/mgprestige.ca\/index.php?rest_route=\/wp\/v2\/pages\/16","targetHints":{"allow":["GET"]}}],"collection":[{"href":"https:\/\/mgprestige.ca\/index.php?rest_route=\/wp\/v2\/pages"}],"about":[{"href":"https:\/\/mgprestige.ca\/index.php?rest_route=\/wp\/v2\/types\/page"}],"author":[{"embeddable":true,"href":"https:\/\/mgprestige.ca\/index.php?rest_route=\/wp\/v2\/users\/1"}],"replies":[{"embeddable":true,"href":"https:\/\/mgprestige.ca\/index.php?rest_route=%2Fwp%2Fv2%2Fcomments&post=16"}],"version-history":[{"count":1,"href":"https:\/\/mgprestige.ca\/index.php?rest_route=\/wp\/v2\/pages\/16\/revisions"}],"predecessor-version":[{"id":74,"href":"https:\/\/mgprestige.ca\/index.php?rest_route=\/wp\/v2\/pages\/16\/revisions\/74"}],"wp:attachment":[{"href":"https:\/\/mgprestige.ca\/index.php?rest_route=%2Fwp%2Fv2%2Fmedia&parent=16"}],"curies":[{"name":"wp","href":"https:\/\/api.w.org\/{rel}","templated":true}]}}